{"id":452,"date":"2022-06-20T10:45:26","date_gmt":"2022-06-20T15:45:26","guid":{"rendered":"http:\/\/omega-insurance-agency.four.zysites.com\/about-us\/"},"modified":"2024-04-16T13:34:31","modified_gmt":"2024-04-16T18:34:31","slug":"about-us","status":"publish","type":"page","link":"https:\/\/www.omegainsurancetx.com\/es\/about-us\/","title":{"rendered":"Sobre nosotros"},"content":{"rendered":"<h2>Protegiendo futuros<\/h2>\n<p>Tenemos a\u00f1os de experiencia en seguros ayudando a los clientes a prepararse para lo desconocido. Preg\u00fantanos sobre:<\/p>\n<ul>\n<li>Inicio<\/li>\n<li>Autom\u00e1tico<\/li>\n<li>Motocicleta<\/li>\n<\/ul>\n<p>Podemos acceder a muchos productos de seguros diferentes para que pueda obtener el adecuado para usted.<\/p>\n<p>LA AGENCIA DE SEGUROS OMEGA HA SIDO DE PROPIEDAD LOCAL Y OPERADA EN LA GRAN CIUDAD DE EL PASO DURANTE M\u00c1S DE 10 A\u00d1OS CON M\u00c1S DE 25 A\u00d1OS DE EXPERIENCIA EN SEGUROS DE AUTOM\u00d3VIL\/HOGAR\/COMERCIAL. EL MOTO DE OMEGA INSURANCE AGENCY SIEMPRE HA SIDO \u00abCOMPRAMOS, USTED AHORRA\u00bb, LO QUE SIGNIFICA QUE ENCONTRAREMOS LA MEJOR COBERTURA DE SEGURO PARA SUS NECESIDADES A TRAV\u00c9S DE NUESTRAS M\u00c1S DE 20 COMPA\u00d1\u00cdAS DE SEGUROS ACREDITADAS, CON LAS TARIFAS M\u00c1S BAJAS. ESTAMOS CONVIENTLEYMENTE UBICADOS EN EL PASO, TX CON 4 UBICACIONES. (ESTE) 1580 GEORGE DIETER #303 (NORESTE) 4747 HONDO PASS (SOCORRO) 11500 SOCORRO RD. (HORIZONTE) 14010 Horizonte #I<\/p>\n<h2>Construyendo relaciones<\/h2>\n<p>Cada uno tiene diferentes necesidades de seguro. Ll\u00e1menos hoy para una evaluaci\u00f3n empresarial o individual personalizada y descubra c\u00f3mo podemos ayudarlo a proteger sus activos ganados con tanto esfuerzo.<\/p>\n","protected":false},"excerpt":{"rendered":"<p>Protegiendo futuros Tenemos a\u00f1os de experiencia en seguros ayudando a los clientes a prepararse para lo desconocido. Preg\u00fantanos sobre: Inicio [&hellip;]<\/p>\n","protected":false},"author":35,"featured_media":0,"parent":0,"menu_order":0,"comment_status":"closed","ping_status":"closed","template":"","meta":{"_acf_changed":false,"_seopress_robots_primary_cat":null,"_seopress_titles_title":"","_seopress_titles_desc":"","_seopress_robots_index":"","_analytify_skip_tracking":false,"footnotes":""},"class_list":["post-452","page","type-page","status-publish","hentry"],"acf":[],"_links":{"self":[{"href":"https:\/\/www.omegainsurancetx.com\/es\/wp-json\/wp\/v2\/pages\/452","targetHints":{"allow":["GET"]}}],"collection":[{"href":"https:\/\/www.omegainsurancetx.com\/es\/wp-json\/wp\/v2\/pages"}],"about":[{"href":"https:\/\/www.omegainsurancetx.com\/es\/wp-json\/wp\/v2\/types\/page"}],"author":[{"embeddable":true,"href":"https:\/\/www.omegainsurancetx.com\/es\/wp-json\/wp\/v2\/users\/35"}],"replies":[{"embeddable":true,"href":"https:\/\/www.omegainsurancetx.com\/es\/wp-json\/wp\/v2\/comments?post=452"}],"version-history":[{"count":0,"href":"https:\/\/www.omegainsurancetx.com\/es\/wp-json\/wp\/v2\/pages\/452\/revisions"}],"wp:attachment":[{"href":"https:\/\/www.omegainsurancetx.com\/es\/wp-json\/wp\/v2\/media?parent=452"}],"curies":[{"name":"wp","href":"https:\/\/api.w.org\/{rel}","templated":true}]}}